{"id":37056,"date":"2015-09-09T11:09:12","date_gmt":"2015-09-09T11:09:12","guid":{"rendered":"https:\/\/undsgn.com\/uncode\/?page_id=37056"},"modified":"2024-07-24T02:41:38","modified_gmt":"2024-07-24T02:41:38","slug":"inicio","status":"publish","type":"page","link":"https:\/\/tecniprevensa.com\/site\/","title":{"rendered":"Inicio"},"content":{"rendered":"<div class=\"wpb-content-wrapper\"><p>[vc_row row_height_percent=\u00bb100&#8243; back_color=\u00bbcolor-nhtu\u00bb overlay_alpha=\u00bb50&#8243; gutter_size=\u00bb3&#8243; column_width_percent=\u00bb100&#8243; shift_y=\u00bb0&#8243; z_index=\u00bb0&#8243; front_end_with_slider=\u00bbtrue\u00bb uncode_shortcode_id=\u00bb147521&#8243; back_color_type=\u00bbuncode-palette\u00bb][vc_column width=\u00bb1\/1&#8243;][uncode_slider slider_type=\u00bbfade\u00bb slider_interval=\u00bb3000&#8243; slider_navspeed=\u00bb1000&#8243; slider_loop=\u00bbyes\u00bb slider_dots_space=\u00bbyes\u00bb][vc_row_inner row_inner_height_percent=\u00bb0&#8243; force_width_grid=\u00bbyes\u00bb back_color=\u00bbcolor-jevc\u00bb back_image=\u00bb103907&#8243; back_position=\u00bbcenter bottom\u00bb parallax=\u00bbyes\u00bb kburns=\u00bbyes\u00bb overlay_color=\u00bbcolor-prif\u00bb overlay_alpha=\u00bb6&#8243; gutter_size=\u00bb3&#8243; shift_y=\u00bb0&#8243; z_index=\u00bb0&#8243; limit_content=\u00bbyes\u00bb front_end_with_slider=\u00bbtrue\u00bb uncode_shortcode_id=\u00bb870843&#8243; back_color_type=\u00bbuncode-palette\u00bb overlay_color_type=\u00bbuncode-palette\u00bb shape_dividers=\u00bb\u00bb][vc_column_inner column_width_use_pixel=\u00bbyes\u00bb position_vertical=\u00bbmiddle\u00bb align_horizontal=\u00bbalign_center\u00bb gutter_size=\u00bb3&#8243; style=\u00bbdark\u00bb overlay_alpha=\u00bb50&#8243; shift_x=\u00bb0&#8243; shift_y=\u00bb0&#8243; shift_y_down=\u00bb0&#8243; z_index=\u00bb0&#8243; medium_width=\u00bb0&#8243; mobile_width=\u00bb0&#8243; css_animation=\u00bbbottom-t-top\u00bb animation_speed=\u00bb800&#8243; zoom_width=\u00bb0&#8243; zoom_height=\u00bb0&#8243; width=\u00bb1\/1&#8243; column_width_pixel=\u00bb760&#8243; uncode_shortcode_id=\u00bb156043&#8243;][vc_custom_heading text_font=\u00bbfont-613363&#8243; text_size=\u00bbfontsize-155944&#8243; text_weight=\u00bb400&#8243; text_space=\u00bbfontspace-781688&#8243; sub_lead=\u00bbyes\u00bb sub_reduced=\u00bbyes\u00bb css_animation=\u00bbcurtain\u00bb animation_speed=\u00bb800&#8243; uncode_shortcode_id=\u00bb114690&#8243;]L\u00edderes en seguridad y salud en el trabajo[\/vc_custom_heading][\/vc_column_inner][\/vc_row_inner][vc_row_inner row_inner_height_percent=\u00bb0&#8243; back_color=\u00bbcolor-jevc\u00bb back_image=\u00bb103909&#8243; back_position=\u00bbcenter bottom\u00bb parallax=\u00bbyes\u00bb kburns=\u00bbyes\u00bb overlay_color=\u00bbcolor-prif\u00bb overlay_alpha=\u00bb10&#8243; gutter_size=\u00bb3&#8243; shift_y=\u00bb0&#8243; z_index=\u00bb0&#8243; limit_content=\u00bbyes\u00bb front_end_with_slider=\u00bbtrue\u00bb uncode_shortcode_id=\u00bb419127&#8243; back_color_type=\u00bbuncode-palette\u00bb overlay_color_type=\u00bbuncode-palette\u00bb][vc_column_inner column_width_use_pixel=\u00bbyes\u00bb position_vertical=\u00bbmiddle\u00bb align_horizontal=\u00bbalign_center\u00bb gutter_size=\u00bb3&#8243; style=\u00bbdark\u00bb overlay_alpha=\u00bb50&#8243; shift_x=\u00bb0&#8243; shift_y=\u00bb0&#8243; shift_y_down=\u00bb0&#8243; z_index=\u00bb0&#8243; medium_width=\u00bb0&#8243; mobile_width=\u00bb0&#8243; css_animation=\u00bbbottom-t-top\u00bb animation_speed=\u00bb800&#8243; zoom_width=\u00bb0&#8243; zoom_height=\u00bb0&#8243; width=\u00bb1\/1&#8243; column_width_pixel=\u00bb760&#8243; uncode_shortcode_id=\u00bb156043&#8243;][vc_custom_heading text_font=\u00bbfont-613363&#8243; text_size=\u00bbfontsize-155944&#8243; text_weight=\u00bb400&#8243; text_space=\u00bbfontspace-781688&#8243; sub_lead=\u00bbyes\u00bb sub_reduced=\u00bbyes\u00bb css_animation=\u00bbcurtain\u00bb animation_speed=\u00bb800&#8243; uncode_shortcode_id=\u00bb198646&#8243;]Alianzas estrat\u00e9gicas con el aval y certificaci\u00f3n de la SETEC[\/vc_custom_heading][\/vc_column_inner][\/vc_row_inner][vc_row_inner row_inner_height_percent=\u00bb0&#8243; back_image=\u00bb103915&#8243; back_position=\u00bbcenter bottom\u00bb parallax=\u00bbyes\u00bb kburns=\u00bbyes\u00bb overlay_color=\u00bbcolor-prif\u00bb overlay_alpha=\u00bb10&#8243; gutter_size=\u00bb3&#8243; shift_y=\u00bb0&#8243; z_index=\u00bb0&#8243; limit_content=\u00bbyes\u00bb front_end_with_slider=\u00bbtrue\u00bb uncode_shortcode_id=\u00bb140196&#8243; overlay_color_type=\u00bbuncode-palette\u00bb][vc_column_inner column_width_use_pixel=\u00bbyes\u00bb position_vertical=\u00bbmiddle\u00bb align_horizontal=\u00bbalign_center\u00bb gutter_size=\u00bb3&#8243; style=\u00bbdark\u00bb overlay_alpha=\u00bb50&#8243; shift_x=\u00bb0&#8243; shift_y=\u00bb0&#8243; shift_y_down=\u00bb0&#8243; z_index=\u00bb0&#8243; medium_width=\u00bb0&#8243; mobile_width=\u00bb0&#8243; css_animation=\u00bbbottom-t-top\u00bb animation_speed=\u00bb800&#8243; zoom_width=\u00bb0&#8243; zoom_height=\u00bb0&#8243; width=\u00bb1\/1&#8243; column_width_pixel=\u00bb760&#8243; uncode_shortcode_id=\u00bb127836&#8243;][vc_custom_heading text_font=\u00bbfont-613363&#8243; text_size=\u00bbfontsize-155944&#8243; text_weight=\u00bb400&#8243; text_space=\u00bbfontspace-781688&#8243; sub_lead=\u00bbyes\u00bb sub_reduced=\u00bbyes\u00bb css_animation=\u00bbcurtain\u00bb animation_speed=\u00bb800&#8243; uncode_shortcode_id=\u00bb883181&#8243;]Experiencia, conocimiento y prestigio[\/vc_custom_heading][\/vc_column_inner][\/vc_row_inner][\/uncode_slider][\/vc_column][\/vc_row][vc_row row_height_percent=\u00bb0&#8243; override_padding=\u00bbyes\u00bb h_padding=\u00bb2&#8243; top_padding=\u00bb2&#8243; bottom_padding=\u00bb0&#8243; overlay_alpha=\u00bb0&#8243; gutter_size=\u00bb4&#8243; column_width_percent=\u00bb100&#8243; shift_y=\u00bb0&#8243; z_index=\u00bb0&#8243; style=\u00bbinherited\u00bb uncode_shortcode_id=\u00bb212946&#8243;][vc_column column_width_use_pixel=\u00bbyes\u00bb align_horizontal=\u00bbalign_center\u00bb gutter_size=\u00bb2&#8243; font_family=\u00bbfont-613363&#8243; overlay_alpha=\u00bb100&#8243; shift_x=\u00bb0&#8243; shift_y=\u00bb0&#8243; shift_y_down=\u00bb0&#8243; z_index=\u00bb0&#8243; medium_width=\u00bb0&#8243; mobile_width=\u00bb0&#8243; zoom_width=\u00bb0&#8243; zoom_height=\u00bb0&#8243; width=\u00bb1\/1&#8243; column_width_pixel=\u00bb900&#8243; uncode_shortcode_id=\u00bb654761&#8243;][vc_custom_heading text_color=\u00bbcolor-200177&#8243; text_font=\u00bbfont-613363&#8243; text_size=\u00bbh1&#8243; text_weight=\u00bb500&#8243; text_space=\u00bbfontspace-781688&#8243; text_align=\u00bbtext-center\u00bb text_serif=\u00bb\u00bb uncode_shortcode_id=\u00bb207401&#8243; text_color_type=\u00bbuncode-palette\u00bb]Bienvenidos a TECNIPREVEN S.A.[\/vc_custom_heading][vc_column_text text_lead=\u00bbyes\u00bb uncode_shortcode_id=\u00bb207924&#8243;]Somos una empresa constituida legalmente, con la mayor experiencia, conocimiento y prestigio para brindar servicios integrales en el \u00e1mbito de <strong>SEGURIDAD Y SALUD EN EL TRABAJO<\/strong>, bajo los m\u00e1s altos est\u00e1ndares de calidad y cumpliendo con la legislaci\u00f3n vigente.[\/vc_column_text][\/vc_column][\/vc_row][vc_row unlock_row_content=\u00bbyes\u00bb row_height_percent=\u00bb0&#8243; override_padding=\u00bbyes\u00bb h_padding=\u00bb4&#8243; top_padding=\u00bb3&#8243; bottom_padding=\u00bb0&#8243; overlay_alpha=\u00bb100&#8243; gutter_size=\u00bb100&#8243; column_width_percent=\u00bb100&#8243; shift_y=\u00bb0&#8243; z_index=\u00bb0&#8243; enable_bottom_divider=\u00bbdefault\u00bb bottom_divider=\u00bbstep\u00bb shape_bottom_h_use_pixel=\u00bbtrue\u00bb shape_bottom_height_percent=\u00bb28&#8243; shape_bottom_opacity=\u00bb100&#8243; shape_bottom_index=\u00bb0&#8243; style=\u00bbinherited\u00bb uncode_shortcode_id=\u00bb102734&#8243;][vc_column column_width_percent=\u00bb100&#8243; align_horizontal=\u00bbalign_center\u00bb gutter_size=\u00bb4&#8243; font_family=\u00bbfont-613363&#8243; overlay_alpha=\u00bb100&#8243; shift_x=\u00bb0&#8243; shift_y=\u00bb0&#8243; shift_y_down=\u00bb0&#8243; z_index=\u00bb0&#8243; medium_width=\u00bb0&#8243; mobile_width=\u00bb0&#8243; zoom_width=\u00bb0&#8243; zoom_height=\u00bb0&#8243; width=\u00bb1\/1&#8243; uncode_shortcode_id=\u00bb213957&#8243;][vc_row_inner limit_content=\u00bb\u00bb][vc_column_inner column_width_percent=\u00bb75&#8243; gutter_size=\u00bb3&#8243; overlay_alpha=\u00bb50&#8243; shift_x=\u00bb0&#8243; shift_y=\u00bb0&#8243; shift_y_down=\u00bb0&#8243; z_index=\u00bb0&#8243; medium_width=\u00bb0&#8243; mobile_width=\u00bb0&#8243; width=\u00bb1\/3&#8243; uncode_shortcode_id=\u00bb108336&#8243;][vc_custom_heading text_color=\u00bbcolor-200177&#8243; text_font=\u00bbfont-613363&#8243; text_size=\u00bbh1&#8243; text_weight=\u00bb500&#8243; text_transform=\u00bbcapitalize\u00bb text_space=\u00bbfontspace-781688&#8243; text_align=\u00bbtext-center\u00bb text_serif=\u00bb\u00bb uncode_shortcode_id=\u00bb103908&#8243; text_color_type=\u00bbuncode-palette\u00bb]SERVICIOS[\/vc_custom_heading][vc_column_text uncode_shortcode_id=\u00bb164991&#8243;]<\/p>\n<ul>\n<li style=\"list-style-type: none;\">\n<ul>\n<li>Sistemas de Gesti\u00f3n de Seguridad y Salud<\/li>\n<li>Asesor\u00eda en el cumplimiento de las exigencias impuestas por el Ministerio del Trabajo y dem\u00e1s Organismos de Control<\/li>\n<li>Medici\u00f3n y Evaluaci\u00f3n de Riesgos<\/li>\n<li>Elaboraci\u00f3n de documentos espec\u00edficos<\/li>\n<li>Vigilancia de la Salud<\/li>\n<li>Capacitaci\u00f3n<\/li>\n<\/ul>\n<\/li>\n<\/ul>\n<p>[\/vc_column_text][vc_button button_color=\u00bbcolor-200177&#8243; radius=\u00bbbtn-round\u00bb hover_fx=\u00bbfull-colored\u00bb shadow=\u00bbyes\u00bb shadow_weight=\u00bbxl\u00bb italic=\u00bbyes\u00bb border_width=\u00bb3&#8243; button_color_type=\u00bbuncode-palette\u00bb icon=\u00bbfa fa-plus\u00bb uncode_shortcode_id=\u00bb622112&#8243; link=\u00bburl:https%3A%2F%2Ftecniprevensa.com%2Fsite%2Fservicios%2F|title:Servicios\u00bb]M\u00e1s informaci\u00f3n[\/vc_button][\/vc_column_inner][vc_column_inner column_width_percent=\u00bb100&#8243; gutter_size=\u00bb3&#8243; overlay_alpha=\u00bb50&#8243; shift_x=\u00bb0&#8243; shift_y=\u00bb0&#8243; shift_y_down=\u00bb0&#8243; z_index=\u00bb0&#8243; medium_width=\u00bb0&#8243; mobile_width=\u00bb0&#8243; width=\u00bb1\/3&#8243; uncode_shortcode_id=\u00bb556336&#8243;][vc_single_image media=\u00bb103960&#8243; media_width_percent=\u00bb100&#8243; alignment=\u00bbcenter\u00bb shape=\u00bbimg-round\u00bb radius=\u00bbstd\u00bb shadow=\u00bbyes\u00bb shadow_darker=\u00bbyes\u00bb advanced=\u00bbyes\u00bb media_items=\u00bbmedia|original,description\u00bb media_overlay_opacity=\u00bb50&#8243; media_padding=\u00bb2&#8243; uncode_shortcode_id=\u00bb159337&#8243;][vc_empty_space empty_h=\u00bb3&#8243;][\/vc_column_inner][\/vc_row_inner][\/vc_column][\/vc_row][vc_row row_height_percent=\u00bb60&#8243; override_padding=\u00bbyes\u00bb h_padding=\u00bb2&#8243; top_padding=\u00bb6&#8243; bottom_padding=\u00bb6&#8243; back_color=\u00bbcolor-nhtu\u00bb back_image=\u00bb103973&#8243; parallax=\u00bbyes\u00bb kburns=\u00bbmagnetic\u00bb overlay_color=\u00bbcolor-jevc\u00bb overlay_alpha=\u00bb37&#8243; gutter_size=\u00bb3&#8243; column_width_percent=\u00bb100&#8243; shift_y=\u00bb0&#8243; z_index=\u00bb2&#8243; bottom_divider=\u00bbstep_2_3&#8243; uncode_shortcode_id=\u00bb630873&#8243; back_color_type=\u00bbuncode-palette\u00bb overlay_color_type=\u00bbuncode-palette\u00bb row_height_pixel=\u00bb340&#8243;][vc_column column_width_use_pixel=\u00bbyes\u00bb position_vertical=\u00bbmiddle\u00bb align_horizontal=\u00bbalign_center\u00bb gutter_size=\u00bb3&#8243; style=\u00bbdark\u00bb overlay_alpha=\u00bb8&#8243; shift_x=\u00bb0&#8243; shift_y=\u00bb0&#8243; shift_y_down=\u00bb0&#8243; shift_y_down_fixed=\u00bbyes\u00bb z_index=\u00bb0&#8243; medium_width=\u00bb0&#8243; align_mobile=\u00bbalign_center_mobile\u00bb mobile_width=\u00bb0&#8243; width=\u00bb1\/1&#8243; column_width_pixel=\u00bb1000&#8243; uncode_shortcode_id=\u00bb190723&#8243;][vc_custom_heading text_size=\u00bbfontsize-155944&#8243; uncode_shortcode_id=\u00bb314387&#8243;]CURSOS[\/vc_custom_heading][vc_button button_color=\u00bbcolor-200177&#8243; radius=\u00bbbtn-round\u00bb hover_fx=\u00bbfull-colored\u00bb shadow=\u00bbyes\u00bb shadow_weight=\u00bbxl\u00bb italic=\u00bbyes\u00bb border_width=\u00bb3&#8243; button_color_type=\u00bbuncode-palette\u00bb icon=\u00bbfa fa-plus\u00bb uncode_shortcode_id=\u00bb125331&#8243; link=\u00bburl:https%3A%2F%2Ftecniprevensa.com%2Fsite%2Fcursos%2F|title:Cursos\u00bb]M\u00e1s informaci\u00f3n[\/vc_button][\/vc_column][\/vc_row][vc_row][vc_column column_width_percent=\u00bb100&#8243; gutter_size=\u00bb0&#8243; override_padding=\u00bbyes\u00bb column_padding=\u00bb0&#8243; overlay_alpha=\u00bb50&#8243; shift_x=\u00bb0&#8243; shift_y=\u00bb0&#8243; shift_y_down=\u00bb0&#8243; z_index=\u00bb0&#8243; medium_width=\u00bb0&#8243; mobile_width=\u00bb0&#8243; width=\u00bb1\/1&#8243; uncode_shortcode_id=\u00bb183935&#8243;][vc_custom_heading text_color=\u00bbcolor-937193&#8243; uncode_shortcode_id=\u00bb341359&#8243; text_color_type=\u00bbuncode-palette\u00bb]Alianzas estrat\u00e9gicas[\/vc_custom_heading][\/vc_column][\/vc_row][vc_row row_height_percent=\u00bb0&#8243; override_padding=\u00bbyes\u00bb h_padding=\u00bb2&#8243; top_padding=\u00bb0&#8243; bottom_padding=\u00bb2&#8243; overlay_alpha=\u00bb50&#8243; gutter_size=\u00bb3&#8243; column_width_percent=\u00bb100&#8243; shift_y=\u00bb0&#8243; z_index=\u00bb0&#8243; uncode_shortcode_id=\u00bb208964&#8243;][vc_column column_width_percent=\u00bb100&#8243; position_vertical=\u00bbmiddle\u00bb align_horizontal=\u00bbalign_center\u00bb gutter_size=\u00bb3&#8243; overlay_alpha=\u00bb50&#8243; shift_x=\u00bb0&#8243; shift_y=\u00bb0&#8243; shift_y_down=\u00bb0&#8243; z_index=\u00bb0&#8243; medium_width=\u00bb0&#8243; mobile_width=\u00bb0&#8243; width=\u00bb1\/6&#8243; uncode_shortcode_id=\u00bb116353&#8243;][vc_single_image media=\u00bb103978&#8243; media_width_percent=\u00bb100&#8243; uncode_shortcode_id=\u00bb446316&#8243;][\/vc_column][vc_column width=\u00bb1\/6&#8243;][vc_single_image media=\u00bb103979&#8243; media_width_percent=\u00bb100&#8243; uncode_shortcode_id=\u00bb386045&#8243;][\/vc_column][vc_column width=\u00bb1\/6&#8243;][vc_single_image media=\u00bb103980&#8243; media_width_percent=\u00bb100&#8243; uncode_shortcode_id=\u00bb185828&#8243;][\/vc_column][vc_column width=\u00bb1\/6&#8243;][vc_single_image media=\u00bb103981&#8243; media_width_percent=\u00bb100&#8243; uncode_shortcode_id=\u00bb600556&#8243;][\/vc_column][vc_column width=\u00bb1\/6&#8243;][vc_single_image media=\u00bb103983&#8243; media_width_percent=\u00bb100&#8243; uncode_shortcode_id=\u00bb180796&#8243;][\/vc_column][vc_column width=\u00bb1\/6&#8243;][vc_single_image media=\u00bb104215&#8243; media_width_percent=\u00bb100&#8243; uncode_shortcode_id=\u00bb428489&#8243;][\/vc_column][\/vc_row]<\/p>\n<\/div>","protected":false},"excerpt":{"rendered":"<p>[vc_row row_height_percent=\u00bb100&#8243; back_color=\u00bbcolor-nhtu\u00bb overlay_alpha=\u00bb50&#8243; gutter_size=\u00bb3&#8243; column_width_percent=\u00bb100&#8243; shift_y=\u00bb0&#8243; z_index=\u00bb0&#8243; front_end_with_slider=\u00bbtrue\u00bb uncode_shortcode_id=\u00bb147521&#8243; back_color_type=\u00bbuncode-palette\u00bb][vc_column width=\u00bb1\/1&#8243;][uncode_slider slider_type=\u00bbfade\u00bb slider_interval=\u00bb3000&#8243; slider_navspeed=\u00bb1000&#8243; slider_loop=\u00bbyes\u00bb slider_dots_space=\u00bbyes\u00bb][vc_row_inner row_inner_height_percent=\u00bb0&#8243; force_width_grid=\u00bbyes\u00bb back_color=\u00bbcolor-jevc\u00bb [&hellip;]<\/p>\n","protected":false},"author":1,"featured_media":99676,"parent":0,"menu_order":0,"comment_status":"closed","ping_status":"closed","template":"","meta":{"footnotes":""},"class_list":["post-37056","page","type-page","status-publish","has-post-thumbnail","hentry","page_category-classic"],"_links":{"self":[{"href":"https:\/\/tecniprevensa.com\/site\/wp-json\/wp\/v2\/pages\/37056","targetHints":{"allow":["GET"]}}],"collection":[{"href":"https:\/\/tecniprevensa.com\/site\/wp-json\/wp\/v2\/pages"}],"about":[{"href":"https:\/\/tecniprevensa.com\/site\/wp-json\/wp\/v2\/types\/page"}],"author":[{"embeddable":true,"href":"https:\/\/tecniprevensa.com\/site\/wp-json\/wp\/v2\/users\/1"}],"replies":[{"embeddable":true,"href":"https:\/\/tecniprevensa.com\/site\/wp-json\/wp\/v2\/comments?post=37056"}],"version-history":[{"count":8,"href":"https:\/\/tecniprevensa.com\/site\/wp-json\/wp\/v2\/pages\/37056\/revisions"}],"predecessor-version":[{"id":104263,"href":"https:\/\/tecniprevensa.com\/site\/wp-json\/wp\/v2\/pages\/37056\/revisions\/104263"}],"wp:featuredmedia":[{"embeddable":true,"href":"https:\/\/tecniprevensa.com\/site\/wp-json\/wp\/v2\/media\/99676"}],"wp:attachment":[{"href":"https:\/\/tecniprevensa.com\/site\/wp-json\/wp\/v2\/media?parent=37056"}],"curies":[{"name":"wp","href":"https:\/\/api.w.org\/{rel}","templated":true}]}}