{"id":104173,"date":"2022-04-21T20:39:17","date_gmt":"2022-04-21T20:39:17","guid":{"rendered":"https:\/\/tecniprevensa.com\/site\/?page_id=104173"},"modified":"2022-06-24T22:35:28","modified_gmt":"2022-06-24T22:35:28","slug":"empresa","status":"publish","type":"page","link":"https:\/\/tecniprevensa.com\/site\/empresa\/","title":{"rendered":"EMPRESA"},"content":{"rendered":"<div class=\"wpb-content-wrapper\"><p>[vc_row row_height_percent=\u00bb85&#8243; override_padding=\u00bbyes\u00bb h_padding=\u00bb2&#8243; top_padding=\u00bb7&#8243; bottom_padding=\u00bb7&#8243; back_color=\u00bbcolor-xsdn\u00bb back_image=\u00bb104190&#8243; kburns=\u00bbyes\u00bb overlay_alpha=\u00bb32&#8243; gutter_size=\u00bb3&#8243; column_width_percent=\u00bb100&#8243; shift_y=\u00bb0&#8243; z_index=\u00bb0&#8243; enable_top_divider=\u00bbdefault\u00bb top_divider=\u00bbgradient\u00bb shape_top_h_use_pixel=\u00bbtrue\u00bb shape_top_height_percent=\u00bb100&#8243; shape_top_color=\u00bbcolor-wayh\u00bb shape_top_opacity=\u00bb25&#8243; shape_top_index=\u00bb0&#8243; row_name=\u00bbWelcome\u00bb uncode_shortcode_id=\u00bb123526&#8243; back_color_type=\u00bbuncode-palette\u00bb shape_top_color_type=\u00bbuncode-palette\u00bb][vc_column column_width_use_pixel=\u00bbyes\u00bb position_vertical=\u00bbmiddle\u00bb align_horizontal=\u00bbalign_center\u00bb gutter_size=\u00bb3&#8243; style=\u00bbdark\u00bb overlay_alpha=\u00bb50&#8243; shift_x=\u00bb0&#8243; shift_y=\u00bb0&#8243; shift_y_down=\u00bb0&#8243; z_index=\u00bb0&#8243; medium_width=\u00bb0&#8243; mobile_width=\u00bb0&#8243; zoom_width=\u00bb0&#8243; zoom_height=\u00bb0&#8243; width=\u00bb1\/1&#8243; column_width_pixel=\u00bb900&#8243;][vc_custom_heading text_font=\u00bbfont-136269&#8243; text_size=\u00bbfontsize-445851&#8243; text_weight=\u00bb400&#8243; text_space=\u00bbfontspace-781688&#8243; uncode_shortcode_id=\u00bb557429&#8243;]EMPRESA[\/vc_custom_heading][\/vc_column][\/vc_row][vc_row][vc_column width=\u00bb1\/1&#8243;][vc_empty_space empty_h=\u00bb1&#8243;][\/vc_column][\/vc_row][vc_row][vc_column column_width_percent=\u00bb100&#8243; gutter_size=\u00bb3&#8243; overlay_alpha=\u00bb50&#8243; shift_x=\u00bb0&#8243; shift_y=\u00bb0&#8243; shift_y_down=\u00bb0&#8243; z_index=\u00bb0&#8243; medium_width=\u00bb0&#8243; mobile_width=\u00bb0&#8243; width=\u00bb1\/2&#8243; uncode_shortcode_id=\u00bb412911&#8243; css=\u00bb.vc_custom_1655152671081{border-top-width: 10px !important;}\u00bb][vc_single_image media=\u00bb104242&#8243; media_width_percent=\u00bb54&#8243; alignment=\u00bbcenter\u00bb uncode_shortcode_id=\u00bb434421&#8243;][vc_column_text uncode_shortcode_id=\u00bb125377&#8243;]<\/p>\n<p style=\"text-align: center;\"><strong>Dr. Milyon Ribadeneira, MSc.<br \/>\nGerente General<\/strong><\/p>\n<p>[\/vc_column_text][\/vc_column][vc_column width=\u00bb1\/2&#8243;][vc_custom_heading heading_semantic=\u00bbh3&#8243; text_size=\u00bbfontsize-155944&#8243; sub_lead=\u00bbyes\u00bb subheading=\u00bbSomos una empresa constituida legalmente, con la mayor experiencia, conocimiento y prestigio para brindar servicios integrales en el \u00e1mbito de la SEGURIDAD Y SALUD EN EL TRABAJO, bajo los m\u00e1s altos est\u00e1ndares de calidad y cumpliendo con la legislaci\u00f3n vigente.\u00bb uncode_shortcode_id=\u00bb111799&#8243;]Quienes somos[\/vc_custom_heading][\/vc_column][\/vc_row][vc_row row_height_percent=\u00bb0&#8243; override_padding=\u00bbyes\u00bb h_padding=\u00bb2&#8243; top_padding=\u00bb0&#8243; bottom_padding=\u00bb5&#8243; overlay_alpha=\u00bb50&#8243; equal_height=\u00bbyes\u00bb gutter_size=\u00bb4&#8243; column_width_percent=\u00bb100&#8243; shift_y=\u00bb0&#8243; z_index=\u00bb0&#8243; el_class=\u00bbinverted-device-order\u00bb uncode_shortcode_id=\u00bb407315&#8243;][vc_column column_width_percent=\u00bb100&#8243; position_vertical=\u00bbmiddle\u00bb gutter_size=\u00bb3&#8243; overlay_alpha=\u00bb50&#8243; shift_x=\u00bb0&#8243; shift_y=\u00bb0&#8243; shift_y_down=\u00bb0&#8243; z_index=\u00bb0&#8243; medium_width=\u00bb0&#8243; mobile_width=\u00bb0&#8243; width=\u00bb1\/3&#8243;][vc_custom_heading heading_semantic=\u00bbh3&#8243; text_size=\u00bbh1&#8243; subheading=\u00bbPoner al servicio de las empresas ecuatorianas, la m\u00e1s alta experiencia y conocimientos innovadores para solventar sus necesidades.<\/p>\n<p>Ser el soporte de las empresas ecuatorianas, poniendo a su servicio la mas alta experiencia y conocimientos innovadores para solventar sus necesidades en el campo de Seguridad y Salud en el Trabajo.\u00bb uncode_shortcode_id=\u00bb285368&#8243; text_color_type=\u00bbuncode-palette\u00bb text_color_solid=\u00bb#ff0000&#8243;]Misi\u00f3n[\/vc_custom_heading][\/vc_column][vc_column width=\u00bb1\/3&#8243;][vc_custom_heading heading_semantic=\u00bbh3&#8243; text_size=\u00bbh1&#8243; subheading=\u00bbSer reconocidos como uno de los mejores proveedores de servicios de Seguridad y Salud en el Trabajo en el Ecuador, con quienes los sectores industriales, comerciales y m\u00e1s, se sientan protegidos.\u00bb uncode_shortcode_id=\u00bb149066&#8243;]Visi\u00f3n[\/vc_custom_heading][\/vc_column][vc_column width=\u00bb1\/3&#8243;][vc_custom_heading heading_semantic=\u00bbh3&#8243; text_size=\u00bbh1&#8243; subheading=\u00bbLos valores que nos cobijan son:<br \/>\no Responsabilidad<br \/>\no Puntualidad<br \/>\no Transparencia<br \/>\no Pasi\u00f3n con la que hacemos las cosas\u00bb uncode_shortcode_id=\u00bb875282&#8243; text_color_type=\u00bbuncode-palette\u00bb text_color_solid=\u00bb#ff0000&#8243;]Valores[\/vc_custom_heading][\/vc_column][\/vc_row]<\/p>\n<\/div>","protected":false},"excerpt":{"rendered":"<p>[vc_row row_height_percent=\u00bb85&#8243; override_padding=\u00bbyes\u00bb h_padding=\u00bb2&#8243; top_padding=\u00bb7&#8243; bottom_padding=\u00bb7&#8243; back_color=\u00bbcolor-xsdn\u00bb back_image=\u00bb104190&#8243; kburns=\u00bbyes\u00bb overlay_alpha=\u00bb32&#8243; gutter_size=\u00bb3&#8243; column_width_percent=\u00bb100&#8243; shift_y=\u00bb0&#8243; z_index=\u00bb0&#8243; enable_top_divider=\u00bbdefault\u00bb top_divider=\u00bbgradient\u00bb shape_top_h_use_pixel=\u00bbtrue\u00bb shape_top_height_percent=\u00bb100&#8243; shape_top_color=\u00bbcolor-wayh\u00bb shape_top_opacity=\u00bb25&#8243; [&hellip;]<\/p>\n","protected":false},"author":1,"featured_media":0,"parent":0,"menu_order":0,"comment_status":"closed","ping_status":"closed","template":"","meta":{"footnotes":""},"class_list":["post-104173","page","type-page","status-publish","hentry"],"_links":{"self":[{"href":"https:\/\/tecniprevensa.com\/site\/wp-json\/wp\/v2\/pages\/104173","targetHints":{"allow":["GET"]}}],"collection":[{"href":"https:\/\/tecniprevensa.com\/site\/wp-json\/wp\/v2\/pages"}],"about":[{"href":"https:\/\/tecniprevensa.com\/site\/wp-json\/wp\/v2\/types\/page"}],"author":[{"embeddable":true,"href":"https:\/\/tecniprevensa.com\/site\/wp-json\/wp\/v2\/users\/1"}],"replies":[{"embeddable":true,"href":"https:\/\/tecniprevensa.com\/site\/wp-json\/wp\/v2\/comments?post=104173"}],"version-history":[{"count":12,"href":"https:\/\/tecniprevensa.com\/site\/wp-json\/wp\/v2\/pages\/104173\/revisions"}],"predecessor-version":[{"id":104253,"href":"https:\/\/tecniprevensa.com\/site\/wp-json\/wp\/v2\/pages\/104173\/revisions\/104253"}],"wp:attachment":[{"href":"https:\/\/tecniprevensa.com\/site\/wp-json\/wp\/v2\/media?parent=104173"}],"curies":[{"name":"wp","href":"https:\/\/api.w.org\/{rel}","templated":true}]}}