{"id":104141,"date":"2022-04-21T18:13:31","date_gmt":"2022-04-21T18:13:31","guid":{"rendered":"https:\/\/tecniprevensa.com\/site\/?page_id=104141"},"modified":"2022-06-24T22:36:09","modified_gmt":"2022-06-24T22:36:09","slug":"servicios","status":"publish","type":"page","link":"https:\/\/tecniprevensa.com\/site\/servicios\/","title":{"rendered":"Servicios"},"content":{"rendered":"<div class=\"wpb-content-wrapper\"><p>[vc_row row_height_percent=\u00bb85&#8243; override_padding=\u00bbyes\u00bb h_padding=\u00bb2&#8243; top_padding=\u00bb7&#8243; bottom_padding=\u00bb7&#8243; back_color=\u00bbcolor-xsdn\u00bb back_image=\u00bb104167&#8243; kburns=\u00bbyes\u00bb overlay_alpha=\u00bb0&#8243; gutter_size=\u00bb3&#8243; column_width_percent=\u00bb100&#8243; shift_y=\u00bb0&#8243; z_index=\u00bb0&#8243; enable_top_divider=\u00bbdefault\u00bb top_divider=\u00bbgradient\u00bb shape_top_h_use_pixel=\u00bbtrue\u00bb shape_top_height_percent=\u00bb100&#8243; shape_top_color=\u00bbcolor-wayh\u00bb shape_top_opacity=\u00bb25&#8243; shape_top_index=\u00bb0&#8243; row_name=\u00bbWelcome\u00bb uncode_shortcode_id=\u00bb194195&#8243; back_color_type=\u00bbuncode-palette\u00bb shape_top_color_type=\u00bbuncode-palette\u00bb][vc_column column_width_use_pixel=\u00bbyes\u00bb position_vertical=\u00bbmiddle\u00bb align_horizontal=\u00bbalign_center\u00bb gutter_size=\u00bb3&#8243; style=\u00bbdark\u00bb overlay_alpha=\u00bb50&#8243; shift_x=\u00bb0&#8243; shift_y=\u00bb0&#8243; shift_y_down=\u00bb0&#8243; z_index=\u00bb0&#8243; medium_width=\u00bb0&#8243; mobile_width=\u00bb0&#8243; zoom_width=\u00bb0&#8243; zoom_height=\u00bb0&#8243; width=\u00bb1\/1&#8243; column_width_pixel=\u00bb900&#8243;][vc_custom_heading text_font=\u00bbfont-136269&#8243; text_size=\u00bbfontsize-445851&#8243; text_weight=\u00bb400&#8243; text_space=\u00bbfontspace-781688&#8243; uncode_shortcode_id=\u00bb153152&#8243;]SERVICIOS[\/vc_custom_heading][\/vc_column][\/vc_row][vc_row][vc_column column_width_percent=\u00bb100&#8243; gutter_size=\u00bb3&#8243; overlay_color=\u00bbcolor-937193&#8243; overlay_alpha=\u00bb0&#8243; shift_x=\u00bb0&#8243; shift_y=\u00bb0&#8243; shift_y_down=\u00bb0&#8243; z_index=\u00bb0&#8243; medium_width=\u00bb0&#8243; mobile_width=\u00bb0&#8243; width=\u00bb1\/1&#8243; uncode_shortcode_id=\u00bb183918&#8243; overlay_color_type=\u00bbuncode-palette\u00bb css=\u00bb.vc_custom_1650488427557{padding-top: 50px !important;}\u00bb][vc_empty_space empty_h=\u00bb0&#8243;][\/vc_column][\/vc_row][vc_row unlock_row_content=\u00bbyes\u00bb row_height_percent=\u00bb0&#8243; override_padding=\u00bbyes\u00bb h_padding=\u00bb0&#8243; top_padding=\u00bb0&#8243; bottom_padding=\u00bb0&#8243; overlay_alpha=\u00bb50&#8243; equal_height=\u00bbyes\u00bb gutter_size=\u00bb0&#8243; column_width_percent=\u00bb100&#8243; shift_y=\u00bb0&#8243; z_index=\u00bb0&#8243;][vc_column column_width_percent=\u00bb100&#8243; gutter_size=\u00bb3&#8243; back_image=\u00bb104157&#8243; overlay_alpha=\u00bb50&#8243; shift_x=\u00bb0&#8243; shift_y=\u00bb0&#8243; shift_y_down=\u00bb0&#8243; z_index=\u00bb0&#8243; medium_width=\u00bb0&#8243; mobile_width=\u00bb0&#8243; width=\u00bb1\/2&#8243; mobile_height=\u00bb340&#8243; uncode_shortcode_id=\u00bb149133&#8243;][\/vc_column][vc_column column_width_use_pixel=\u00bbyes\u00bb gutter_size=\u00bb3&#8243; override_padding=\u00bbyes\u00bb column_padding=\u00bb5&#8243; overlay_alpha=\u00bb50&#8243; shift_x=\u00bb0&#8243; shift_y=\u00bb0&#8243; shift_y_down=\u00bb0&#8243; z_index=\u00bb0&#8243; medium_width=\u00bb0&#8243; mobile_width=\u00bb0&#8243; width=\u00bb1\/2&#8243; column_width_pixel=\u00bb528&#8243;][vc_custom_heading text_color=\u00bbcolor-200177&#8243; text_size=\u00bbfontsize-155944&#8243; uncode_shortcode_id=\u00bb120466&#8243; text_color_type=\u00bbuncode-palette\u00bb]<strong>Sistemas de Gesti\u00f3n de Seguridad y Salud en el Trabajo<\/strong>[\/vc_custom_heading][vc_column_text text_lead=\u00bbyes\u00bb uncode_shortcode_id=\u00bb663234&#8243;]Dise\u00f1o e implementaci\u00f3n de Sistemas de Gesti\u00f3n adecuado a la realidad y necesidad de la empresa.[\/vc_column_text][vc_empty_space empty_h=\u00bb1&#8243;][vc_row_inner limit_content=\u00bb\u00bb][vc_column_inner column_width_percent=\u00bb100&#8243; gutter_size=\u00bb3&#8243; overlay_alpha=\u00bb50&#8243; shift_x=\u00bb0&#8243; shift_y=\u00bb0&#8243; shift_y_down=\u00bb0&#8243; z_index=\u00bb0&#8243; medium_width=\u00bb4&#8243; mobile_width=\u00bb0&#8243; width=\u00bb1\/2&#8243;][vc_custom_heading heading_semantic=\u00bbh3&#8243; text_size=\u00bbh4&#8243; uncode_shortcode_id=\u00bb164688&#8243;]Auditor\u00edas[\/vc_custom_heading][uncode_list icon=\u00bbfa fa-check\u00bb icon_color=\u00bbcolor-200177&#8243; uncode_shortcode_id=\u00bb111109&#8243; icon_color_type=\u00bbuncode-palette\u00bb]<\/p>\n<ul>\n<li>Iniciales<\/li>\n<li>Seguimiento<\/li>\n<li>Control<\/li>\n<li>Mejoramiento<\/li>\n<\/ul>\n<p>[\/uncode_list][\/vc_column_inner][\/vc_row_inner][\/vc_column][\/vc_row][vc_row row_height_percent=\u00bb0&#8243; override_padding=\u00bbyes\u00bb h_padding=\u00bb2&#8243; top_padding=\u00bb5&#8243; bottom_padding=\u00bb0&#8243; back_color=\u00bbaccent\u00bb overlay_color=\u00bbcolor-200177&#8243; overlay_alpha=\u00bb80&#8243; equal_height=\u00bbyes\u00bb gutter_size=\u00bb4&#8243; column_width_percent=\u00bb100&#8243; shift_y=\u00bb0&#8243; z_index=\u00bb0&#8243; enable_top_divider=\u00bbdefault\u00bb top_divider_inv=\u00bbtilt-opacity\u00bb shape_top_invert=\u00bbyes\u00bb shape_top_h_use_pixel=\u00bbtrue\u00bb shape_top_height_percent=\u00bb33&#8243; shape_top_opacity=\u00bb50&#8243; shape_top_index=\u00bb0&#8243; shape_top_responsive=\u00bbyes\u00bb shape_top_mobile_hide=\u00bbyes\u00bb enable_bottom_divider=\u00bbdefault\u00bb bottom_divider=\u00bbtilt-opacity\u00bb shape_bottom_flip=\u00bbyes\u00bb shape_bottom_h_use_pixel=\u00bbtrue\u00bb shape_bottom_height_percent=\u00bb33&#8243; shape_bottom_opacity=\u00bb100&#8243; shape_bottom_index=\u00bb1&#8243; row_name=\u00bbSample 6&#8243; el_class=\u00bbinverted-device-order\u00bb uncode_shortcode_id=\u00bb103731&#8243; back_color_type=\u00bbuncode-palette\u00bb overlay_color_type=\u00bbuncode-palette\u00bb][vc_column column_width_percent=\u00bb100&#8243; position_vertical=\u00bbbottom\u00bb gutter_size=\u00bb3&#8243; overlay_alpha=\u00bb50&#8243; shift_x=\u00bb0&#8243; shift_y=\u00bb0&#8243; shift_y_down=\u00bb0&#8243; z_index=\u00bb0&#8243; medium_width=\u00bb4&#8243; mobile_width=\u00bb0&#8243; width=\u00bb1\/2&#8243;][vc_single_image media=\u00bb104156&#8243; media_width_use_pixel=\u00bbyes\u00bb media_ratio=\u00bbnine-sixteen\u00bb alignment=\u00bbright\u00bb media_width_pixel=\u00bb540&#8243; uncode_shortcode_id=\u00bb202519&#8243;][\/vc_column][vc_column column_width_percent=\u00bb100&#8243; position_vertical=\u00bbmiddle\u00bb gutter_size=\u00bb3&#8243; style=\u00bbdark\u00bb overlay_alpha=\u00bb50&#8243; shift_x=\u00bb0&#8243; shift_y=\u00bb0&#8243; shift_y_down=\u00bb0&#8243; z_index=\u00bb1&#8243; medium_width=\u00bb4&#8243; align_mobile=\u00bbalign_center_mobile\u00bb mobile_width=\u00bb0&#8243; width=\u00bb1\/2&#8243;][vc_custom_heading heading_semantic=\u00bbh3&#8243; text_size=\u00bbfontsize-155944&#8243; uncode_shortcode_id=\u00bb925734&#8243;]<strong>Asesor\u00eda en el cumplimiento de las exigencias impuestas por el Ministerio del Trabajo y dem\u00e1s Organismos de Control<\/strong>[\/vc_custom_heading][vc_column_text text_lead=\u00bbyes\u00bb uncode_shortcode_id=\u00bb151188&#8243;]<\/p>\n<ul>\n<li>Exigencias del SUT<\/li>\n<li>Exigencias del Ministerio de Salud<\/li>\n<li>Exigencias del IESS<\/li>\n<\/ul>\n<p>[\/vc_column_text][vc_empty_space empty_h=\u00bb2&#8243; mobile_visibility=\u00bbyes\u00bb][\/vc_column][\/vc_row][vc_row unlock_row_content=\u00bbyes\u00bb row_height_percent=\u00bb0&#8243; override_padding=\u00bbyes\u00bb h_padding=\u00bb0&#8243; top_padding=\u00bb0&#8243; bottom_padding=\u00bb0&#8243; back_color=\u00bbcolor-wayh\u00bb overlay_alpha=\u00bb50&#8243; equal_height=\u00bbyes\u00bb gutter_size=\u00bb0&#8243; column_width_percent=\u00bb100&#8243; shift_y=\u00bb0&#8243; z_index=\u00bb0&#8243; el_class=\u00bbinverted-device-order\u00bb][vc_column column_width_use_pixel=\u00bbyes\u00bb gutter_size=\u00bb3&#8243; override_padding=\u00bbyes\u00bb column_padding=\u00bb5&#8243; style=\u00bbdark\u00bb back_color=\u00bbcolor-937193&#8243; overlay_alpha=\u00bb80&#8243; shift_x=\u00bb0&#8243; shift_y=\u00bb0&#8243; shift_y_down=\u00bb0&#8243; z_index=\u00bb0&#8243; medium_width=\u00bb0&#8243; mobile_width=\u00bb0&#8243; width=\u00bb1\/2&#8243; column_width_pixel=\u00bb528&#8243; uncode_shortcode_id=\u00bb742059&#8243; back_color_type=\u00bbuncode-palette\u00bb][vc_custom_heading text_size=\u00bbfontsize-155944&#8243; uncode_shortcode_id=\u00bb447000&#8243;]<strong>Medici\u00f3n y Evaluaci\u00f3n de Riesgos<\/strong>[\/vc_custom_heading][vc_column_text text_lead=\u00bbyes\u00bb uncode_shortcode_id=\u00bb674342&#8243;]Mediciones t\u00e9cnicas utilizando metodolog\u00eda espec\u00edfica y equipos calibrados y certificados para:[\/vc_column_text][vc_empty_space empty_h=\u00bb1&#8243;][vc_row_inner limit_content=\u00bb\u00bb][vc_column_inner column_width_percent=\u00bb100&#8243; gutter_size=\u00bb3&#8243; style=\u00bbdark\u00bb overlay_alpha=\u00bb50&#8243; shift_x=\u00bb0&#8243; shift_y=\u00bb0&#8243; shift_y_down=\u00bb0&#8243; z_index=\u00bb0&#8243; medium_width=\u00bb4&#8243; mobile_width=\u00bb0&#8243; width=\u00bb1\/2&#8243;][uncode_list uncode_shortcode_id=\u00bb222790&#8243;]<\/p>\n<ul>\n<li>Ruido<\/li>\n<li>Iluminaci\u00f3n<\/li>\n<li>Ventilaci\u00f3n<\/li>\n<li>Vibraciones<\/li>\n<li>Ambiente T\u00e9rmico<\/li>\n<li>Contaminantes Qu\u00edmicos<\/li>\n<\/ul>\n<p>[\/uncode_list][\/vc_column_inner][vc_column_inner column_width_percent=\u00bb100&#8243; gutter_size=\u00bb3&#8243; style=\u00bbdark\u00bb overlay_alpha=\u00bb50&#8243; shift_x=\u00bb0&#8243; shift_y=\u00bb0&#8243; shift_y_down=\u00bb0&#8243; z_index=\u00bb0&#8243; medium_width=\u00bb4&#8243; mobile_width=\u00bb0&#8243; width=\u00bb1\/2&#8243;][uncode_list uncode_shortcode_id=\u00bb122744&#8243;]<\/p>\n<ul>\n<li>Gases y Vapores<\/li>\n<li>Material Particulado<\/li>\n<li>Contaminantes Biol\u00f3gicos<\/li>\n<li>Estudios Ergon\u00f3micos<\/li>\n<li>Estudios Psicosociales<\/li>\n<\/ul>\n<p>[\/uncode_list][\/vc_column_inner][vc_column_inner width=\u00bb1\/2&#8243;][\/vc_column_inner][\/vc_row_inner][\/vc_column][vc_column column_width_percent=\u00bb100&#8243; gutter_size=\u00bb3&#8243; back_image=\u00bb104158&#8243; overlay_alpha=\u00bb50&#8243; shift_x=\u00bb0&#8243; shift_y=\u00bb0&#8243; shift_y_down=\u00bb0&#8243; z_index=\u00bb0&#8243; medium_width=\u00bb0&#8243; mobile_width=\u00bb0&#8243; width=\u00bb1\/2&#8243; mobile_height=\u00bb340&#8243; uncode_shortcode_id=\u00bb963200&#8243;][\/vc_column][\/vc_row][vc_row unlock_row_content=\u00bbyes\u00bb row_height_percent=\u00bb0&#8243; override_padding=\u00bbyes\u00bb h_padding=\u00bb0&#8243; top_padding=\u00bb0&#8243; bottom_padding=\u00bb0&#8243; back_color=\u00bbcolor-wayh\u00bb overlay_alpha=\u00bb50&#8243; equal_height=\u00bbyes\u00bb gutter_size=\u00bb0&#8243; column_width_percent=\u00bb100&#8243; shift_y=\u00bb0&#8243; z_index=\u00bb0&#8243;][vc_column column_width_percent=\u00bb100&#8243; gutter_size=\u00bb3&#8243; back_image=\u00bb104160&#8243; overlay_alpha=\u00bb50&#8243; shift_x=\u00bb0&#8243; shift_y=\u00bb0&#8243; shift_y_down=\u00bb0&#8243; z_index=\u00bb0&#8243; medium_width=\u00bb0&#8243; mobile_width=\u00bb0&#8243; width=\u00bb1\/2&#8243; mobile_height=\u00bb340&#8243; uncode_shortcode_id=\u00bb100234&#8243;][\/vc_column][vc_column column_width_use_pixel=\u00bbyes\u00bb gutter_size=\u00bb3&#8243; override_padding=\u00bbyes\u00bb column_padding=\u00bb5&#8243; style=\u00bbdark\u00bb back_color=\u00bbcolor-200177&#8243; overlay_alpha=\u00bb50&#8243; shift_x=\u00bb0&#8243; shift_y=\u00bb0&#8243; shift_y_down=\u00bb0&#8243; z_index=\u00bb0&#8243; medium_width=\u00bb0&#8243; mobile_width=\u00bb0&#8243; width=\u00bb1\/2&#8243; column_width_pixel=\u00bb528&#8243; uncode_shortcode_id=\u00bb191717&#8243; back_color_type=\u00bbuncode-palette\u00bb][vc_custom_heading text_size=\u00bbfontsize-155944&#8243; uncode_shortcode_id=\u00bb149729&#8243;]<strong>Elaboraci\u00f3n de documentos espec\u00edficos<\/strong>[\/vc_custom_heading][vc_empty_space empty_h=\u00bb1&#8243;][vc_row_inner limit_content=\u00bb\u00bb][vc_column_inner column_width_percent=\u00bb100&#8243; gutter_size=\u00bb3&#8243; style=\u00bbdark\u00bb overlay_alpha=\u00bb50&#8243; shift_x=\u00bb0&#8243; shift_y=\u00bb0&#8243; shift_y_down=\u00bb0&#8243; z_index=\u00bb0&#8243; medium_width=\u00bb4&#8243; mobile_width=\u00bb0&#8243; width=\u00bb1\/2&#8243;][uncode_list uncode_shortcode_id=\u00bb185974&#8243;]<\/p>\n<ul>\n<li>Reglamento de Seguridad y Salud: elaboraci\u00f3n y asesor\u00eda.<\/li>\n<li>Implementaci\u00f3n, conformaci\u00f3n y capacitaci\u00f3n de Comit\u00e9s Paritarios de Seguridad y Salud<\/li>\n<li>Plan Integral de Seguridad y Salud: elaboraci\u00f3n, implementaci\u00f3n, asesor\u00eda.<\/li>\n<li>Levantamiento de procesos.<\/li>\n<\/ul>\n<p>[\/uncode_list][\/vc_column_inner][vc_column_inner column_width_percent=\u00bb100&#8243; gutter_size=\u00bb3&#8243; style=\u00bbdark\u00bb overlay_alpha=\u00bb50&#8243; shift_x=\u00bb0&#8243; shift_y=\u00bb0&#8243; shift_y_down=\u00bb0&#8243; z_index=\u00bb0&#8243; medium_width=\u00bb4&#8243; mobile_width=\u00bb0&#8243; width=\u00bb1\/2&#8243;][uncode_list uncode_shortcode_id=\u00bb127428&#8243;]<\/p>\n<ul>\n<li>Matrices de riesgos y control<\/li>\n<li>Procedimientos<\/li>\n<li>Instructivos<\/li>\n<li>Planes de emergencia: elaboraci\u00f3n, conformaci\u00f3n y adiestramiento de brigadas de emergencia<\/li>\n<\/ul>\n<p>[\/uncode_list][\/vc_column_inner][\/vc_row_inner][\/vc_column][\/vc_row][vc_row row_height_percent=\u00bb0&#8243; override_padding=\u00bbyes\u00bb h_padding=\u00bb2&#8243; top_padding=\u00bb5&#8243; bottom_padding=\u00bb2&#8243; overlay_alpha=\u00bb50&#8243; equal_height=\u00bbyes\u00bb gutter_size=\u00bb4&#8243; column_width_percent=\u00bb100&#8243; shift_y=\u00bb0&#8243; z_index=\u00bb0&#8243;][vc_column column_width_use_pixel=\u00bbyes\u00bb position_vertical=\u00bbmiddle\u00bb align_horizontal=\u00bbalign_center\u00bb gutter_size=\u00bb2&#8243; overlay_alpha=\u00bb50&#8243; shift_x=\u00bb0&#8243; shift_y=\u00bb0&#8243; shift_y_down=\u00bb0&#8243; z_index=\u00bb0&#8243; medium_width=\u00bb0&#8243; mobile_width=\u00bb0&#8243; width=\u00bb1\/1&#8243; column_width_pixel=\u00bb900&#8243;][vc_custom_heading heading_semantic=\u00bbh3&#8243; text_size=\u00bbfontsize-155944&#8243; uncode_shortcode_id=\u00bb631511&#8243;]Vigilancia de la salud[\/vc_custom_heading][vc_column_text text_lead=\u00bbyes\u00bb uncode_shortcode_id=\u00bb128399&#8243;]<\/p>\n<div>Contamos con PROTOCOLOS ESPEC\u00cdFICOS para cada puesto de trabajo en las diferentes industrias y empresas prestadoras de servicios. Para la realizaci\u00f3n de los ex\u00e1menes generales pertinentes, contamos con un laboratorio certificado para el efecto, lo que garantiza el producto que ofrecemos.<\/div>\n<div><\/div>\n<div>Estamos en capacidad de atender la salud en el trabajo a nivel nacional, con m\u00e9dicos que cubren situaciones espec\u00edficas y emergentes requeridas por nuestras empresas usuarias.<\/div>\n<p>[\/vc_column_text][\/vc_column][\/vc_row][vc_row row_height_percent=\u00bb0&#8243; override_padding=\u00bbyes\u00bb h_padding=\u00bb2&#8243; top_padding=\u00bb0&#8243; bottom_padding=\u00bb5&#8243; overlay_alpha=\u00bb50&#8243; equal_height=\u00bbyes\u00bb gutter_size=\u00bb3&#8243; column_width_percent=\u00bb100&#8243; shift_y=\u00bb0&#8243; z_index=\u00bb0&#8243; el_class=\u00bbinverted-device-order\u00bb uncode_shortcode_id=\u00bb387156&#8243;][vc_column column_width_percent=\u00bb100&#8243; position_vertical=\u00bbmiddle\u00bb gutter_size=\u00bb2&#8243; override_padding=\u00bbyes\u00bb column_padding=\u00bb3&#8243; back_color=\u00bbcolor-lxmt\u00bb overlay_alpha=\u00bb50&#8243; shift_x=\u00bb0&#8243; shift_y=\u00bb0&#8243; shift_y_down=\u00bb0&#8243; z_index=\u00bb0&#8243; medium_width=\u00bb0&#8243; mobile_width=\u00bb0&#8243; radius=\u00bbsm\u00bb width=\u00bb1\/3&#8243; uncode_shortcode_id=\u00bb153877&#8243; back_color_type=\u00bbuncode-palette\u00bb][vc_custom_heading heading_semantic=\u00bbh3&#8243; text_size=\u00bbh4&#8243; sub_reduced=\u00bbyes\u00bb subheading=\u00bbRealizaci\u00f3n de ex\u00e1menes conforme a los protocolos espec\u00edficos para puestos de trabajo y riesgos ocupacionales.\u00bb uncode_shortcode_id=\u00bb160034&#8243;]<strong>Elaboraci\u00f3n de Historia Cl\u00ednica Ocupacional<\/strong>[\/vc_custom_heading][uncode_list uncode_shortcode_id=\u00bb202358&#8243;]<\/p>\n<ul>\n<li>Pre-ocupacionales<\/li>\n<li>Peri\u00f3dicos<\/li>\n<li>De reintegro<\/li>\n<li>De salida<\/li>\n<\/ul>\n<p>[\/uncode_list][\/vc_column][vc_column column_width_percent=\u00bb100&#8243; gutter_size=\u00bb0&#8243; override_padding=\u00bbyes\u00bb column_padding=\u00bb3&#8243; back_color=\u00bbcolor-gyho\u00bb overlay_alpha=\u00bb50&#8243; shift_x=\u00bb0&#8243; shift_y=\u00bb0&#8243; shift_y_down=\u00bb0&#8243; z_index=\u00bb0&#8243; medium_width=\u00bb0&#8243; mobile_width=\u00bb0&#8243; radius=\u00bbsm\u00bb width=\u00bb1\/3&#8243; uncode_shortcode_id=\u00bb603701&#8243; back_color_type=\u00bbuncode-palette\u00bb][vc_custom_heading heading_semantic=\u00bbh3&#8243; text_size=\u00bbh4&#8243; sub_reduced=\u00bbyes\u00bb uncode_shortcode_id=\u00bb789189&#8243;]<strong>Ex\u00e1menes de laboratorio\u00a0<\/strong><strong>anal\u00edticos generales<\/strong>[\/vc_custom_heading][uncode_list uncode_shortcode_id=\u00bb108053&#8243;]<\/p>\n<ul>\n<li>Sangre<\/li>\n<li>Orina<\/li>\n<li>Heces<\/li>\n<\/ul>\n<p>[\/uncode_list][\/vc_column][vc_column column_width_percent=\u00bb100&#8243; gutter_size=\u00bb2&#8243; override_padding=\u00bbyes\u00bb column_padding=\u00bb3&#8243; back_color=\u00bbcolor-uydo\u00bb overlay_alpha=\u00bb50&#8243; shift_x=\u00bb0&#8243; shift_y=\u00bb0&#8243; shift_y_down=\u00bb0&#8243; z_index=\u00bb0&#8243; medium_width=\u00bb0&#8243; mobile_width=\u00bb0&#8243; radius=\u00bbsm\u00bb width=\u00bb1\/3&#8243; uncode_shortcode_id=\u00bb187409&#8243; back_color_type=\u00bbuncode-palette\u00bb][vc_custom_heading heading_semantic=\u00bbh3&#8243; text_size=\u00bbh4&#8243; sub_reduced=\u00bbyes\u00bb uncode_shortcode_id=\u00bb160779&#8243;]<strong>Espec\u00edficos por puesto de trabajo<\/strong>[\/vc_custom_heading][uncode_list uncode_shortcode_id=\u00bb124617&#8243;]<\/p>\n<ul>\n<li>Audiometr\u00edas<\/li>\n<li>Espirometr\u00edas<\/li>\n<li>Imageneolog\u00eda (Rayos X computarizadas)<\/li>\n<li>Optometr\u00eda<\/li>\n<li>Electrocardiograma<\/li>\n<li>Valoraci\u00f3n de colinesterasa eritrocitaria<\/li>\n<\/ul>\n<p>[\/uncode_list][\/vc_column][\/vc_row][vc_row row_height_percent=\u00bb0&#8243; override_padding=\u00bbyes\u00bb h_padding=\u00bb2&#8243; top_padding=\u00bb0&#8243; bottom_padding=\u00bb5&#8243; overlay_alpha=\u00bb50&#8243; gutter_size=\u00bb4&#8243; column_width_percent=\u00bb100&#8243; shift_y=\u00bb0&#8243; z_index=\u00bb0&#8243; uncode_shortcode_id=\u00bb181318&#8243;][vc_column column_width_percent=\u00bb100&#8243; gutter_size=\u00bb0&#8243; overlay_alpha=\u00bb50&#8243; shift_x=\u00bb0&#8243; shift_y=\u00bb0&#8243; shift_y_down=\u00bb0&#8243; z_index=\u00bb0&#8243; medium_width=\u00bb0&#8243; mobile_width=\u00bb0&#8243; width=\u00bb1\/1&#8243; uncode_shortcode_id=\u00bb656214&#8243;][vc_row_inner limit_content=\u00bb\u00bb][vc_column_inner column_width_percent=\u00bb100&#8243; gutter_size=\u00bb2&#8243; overlay_alpha=\u00bb50&#8243; shift_x=\u00bb0&#8243; shift_y=\u00bb0&#8243; shift_y_down=\u00bb0&#8243; z_index=\u00bb0&#8243; medium_width=\u00bb0&#8243; mobile_width=\u00bb0&#8243; width=\u00bb4\/12&#8243;][vc_custom_heading heading_semantic=\u00bbh3&#8243; text_size=\u00bbfontsize-155944&#8243; uncode_shortcode_id=\u00bb938931&#8243;]Capacitaciones[\/vc_custom_heading][vc_empty_space empty_h=\u00bb2&#8243; desktop_visibility=\u00bbyes\u00bb][\/vc_column_inner][\/vc_row_inner][vc_empty_space empty_h=\u00bb2&#8243;][vc_row_inner limit_content=\u00bb\u00bb][vc_column_inner column_width_percent=\u00bb100&#8243; gutter_size=\u00bb3&#8243; overlay_alpha=\u00bb50&#8243; shift_x=\u00bb0&#8243; shift_y=\u00bb0&#8243; shift_y_down=\u00bb0&#8243; z_index=\u00bb0&#8243; medium_width=\u00bb4&#8243; mobile_width=\u00bb4&#8243; width=\u00bb1\/4&#8243;][vc_single_image media=\u00bb104220&#8243; media_width_percent=\u00bb100&#8243; media_ratio=\u00bbthree-four\u00bb uncode_shortcode_id=\u00bb671522&#8243;][vc_single_image media=\u00bb104222&#8243; media_width_percent=\u00bb100&#8243; media_ratio=\u00bbthree-four\u00bb uncode_shortcode_id=\u00bb243105&#8243;][\/vc_column_inner][vc_column_inner column_width_percent=\u00bb100&#8243; gutter_size=\u00bb3&#8243; overlay_alpha=\u00bb50&#8243; shift_x=\u00bb0&#8243; shift_y=\u00bb0&#8243; shift_y_down=\u00bb0&#8243; z_index=\u00bb0&#8243; medium_width=\u00bb4&#8243; mobile_width=\u00bb4&#8243; width=\u00bb1\/4&#8243;][vc_single_image media=\u00bb104221&#8243; media_width_percent=\u00bb100&#8243; media_ratio=\u00bbthree-four\u00bb uncode_shortcode_id=\u00bb438982&#8243;][vc_single_image media=\u00bb104223&#8243; media_width_percent=\u00bb100&#8243; media_ratio=\u00bbthree-four\u00bb uncode_shortcode_id=\u00bb187689&#8243;][\/vc_column_inner][\/vc_row_inner][\/vc_column][\/vc_row]<\/p>\n<\/div>","protected":false},"excerpt":{"rendered":"<p>[vc_row row_height_percent=\u00bb85&#8243; override_padding=\u00bbyes\u00bb h_padding=\u00bb2&#8243; top_padding=\u00bb7&#8243; bottom_padding=\u00bb7&#8243; back_color=\u00bbcolor-xsdn\u00bb back_image=\u00bb104167&#8243; kburns=\u00bbyes\u00bb overlay_alpha=\u00bb0&#8243; gutter_size=\u00bb3&#8243; column_width_percent=\u00bb100&#8243; shift_y=\u00bb0&#8243; z_index=\u00bb0&#8243; enable_top_divider=\u00bbdefault\u00bb top_divider=\u00bbgradient\u00bb shape_top_h_use_pixel=\u00bbtrue\u00bb shape_top_height_percent=\u00bb100&#8243; shape_top_color=\u00bbcolor-wayh\u00bb shape_top_opacity=\u00bb25&#8243; [&hellip;]<\/p>\n","protected":false},"author":1,"featured_media":0,"parent":0,"menu_order":0,"comment_status":"closed","ping_status":"closed","template":"","meta":{"footnotes":""},"class_list":["post-104141","page","type-page","status-publish","hentry"],"_links":{"self":[{"href":"https:\/\/tecniprevensa.com\/site\/wp-json\/wp\/v2\/pages\/104141","targetHints":{"allow":["GET"]}}],"collection":[{"href":"https:\/\/tecniprevensa.com\/site\/wp-json\/wp\/v2\/pages"}],"about":[{"href":"https:\/\/tecniprevensa.com\/site\/wp-json\/wp\/v2\/types\/page"}],"author":[{"embeddable":true,"href":"https:\/\/tecniprevensa.com\/site\/wp-json\/wp\/v2\/users\/1"}],"replies":[{"embeddable":true,"href":"https:\/\/tecniprevensa.com\/site\/wp-json\/wp\/v2\/comments?post=104141"}],"version-history":[{"count":4,"href":"https:\/\/tecniprevensa.com\/site\/wp-json\/wp\/v2\/pages\/104141\/revisions"}],"predecessor-version":[{"id":104256,"href":"https:\/\/tecniprevensa.com\/site\/wp-json\/wp\/v2\/pages\/104141\/revisions\/104256"}],"wp:attachment":[{"href":"https:\/\/tecniprevensa.com\/site\/wp-json\/wp\/v2\/media?parent=104141"}],"curies":[{"name":"wp","href":"https:\/\/api.w.org\/{rel}","templated":true}]}}